{"id":1673,"date":"2024-12-30T15:27:55","date_gmt":"2024-12-30T14:27:55","guid":{"rendered":"https:\/\/verdon-les-grands-domaines.com\/informazioni-legali\/"},"modified":"2025-12-03T09:30:23","modified_gmt":"2025-12-03T08:30:23","slug":"note-legali","status":"publish","type":"page","link":"https:\/\/verdon-les-grands-domaines.com\/it\/note-legali\/","title":{"rendered":"Note Legali"},"content":{"rendered":"\n<p>Le presenti Condizioni Generali d&#8217;Uso stabiliscono le regole per l&#8217;accesso a questo Sito e le sue condizioni d&#8217;uso, che tutti gli utenti riconoscono di accettare, senza riserve, per il solo fatto di collegarsi al Sito. In conformit\u00e0 con le disposizioni dell&#8217;articolo 6 III-1 della legge n. 2004-575 del 21 giugno 2004 sulla fiducia nell&#8217;economia digitale, ti informiamo che il Sito   <a href=\"http:\/\/www.camping-du-verdon.com\/\" rel=\"nofollow noopener\" target=\"_blank\"><\/a><a href=\"http:\/\/www.verdon-les-grands-domaines.com\/\">www.verdon-les-grands-domaines.com<\/a> (di seguito il &#8220;Sito&#8221;) \u00e8 pubblicato da SAS Domaine des Cypr\u00e8s &#8211; di seguito &#8220;la Societ\u00e0&#8221;.  <\/p>\n\n\n\n<p><strong>Identificazione della societ\u00e0<\/strong> che gestisce il campeggio Verdon les Grands Domaines<br>Societ\u00e0: SAS DOMAINE DES CYPRES &#8211; SIRET No.: 85 114 323 000 023<br>Partita IVA intracomunitaria: <em>FR 53 851143230<br><\/em><strong>Direttore di pubblicazione<\/strong>: St\u00e9phane Santerre<\/p>\n\n\n\n<p><strong>Hosting <\/strong>: Il fornitore di servizi responsabile dell&#8217;archiviazione diretta e permanente \u00e8 OVH, una societ\u00e0 registrata presso il Registro del Commercio e delle Imprese di Lille con il numero 537 407 926 e situata al 2, rue Kellermann, 59100 Roubaix.<\/p>\n\n\n\n<p><strong>Fotografie<\/strong>: tutte le immagini presenti sul Sito sono soggette a copyright.<\/p>\n\n\n\n<p><strong>Informazioni personali<\/strong>: Ogni persona ha il diritto di accedere, modificare, rettificare e cancellare i dati che la riguardano.<br>(articolo 34 della legge francese sulla protezione dei dati del 6 gennaio 1978). Per esercitare questo diritto, contatta il Camping Verdon Les Grands Domaines 04500 Saint-Laurent-du-Verdon o via e-mail all&#8217;indirizzo <a href=\"mailto:contact@verdon-les-grands-domaines.com\">contact@verdon-les-grands-domaines.com<\/a>.<\/p>\n\n\n\n<p><strong>Propriet\u00e0 intellettuale<\/strong>: Questo Sito \u00e8 disciplinato dalla legislazione francese e internazionale in materia di copyright e propriet\u00e0 intellettuale. La riproduzione di tutto o parte di questo Sito su supporti elettronici o cartacei (compresi i documenti scaricabili) \u00e8 severamente vietata senza l&#8217;espressa autorizzazione del direttore della pubblicazione. Qualsiasi uso non autorizzato del Sito o del suo contenuto render\u00e0 l&#8217;utente di Internet responsabile e costituir\u00e0 una violazione del copyright.  <\/p>\n\n\n\n<p><strong>Protezione dei dati personali <\/strong>: i dati personali raccolti su questo sito sono trattati in conformit\u00e0 al Regolamento Generale sulla Protezione dei Dati (RGPD) e alla Legge francese sulla Protezione dei Dati modificata del 6 gennaio 1978. Hai il diritto di accedere, rettificare, cancellare e portare i tuoi dati. Per qualsiasi domanda, contattaci all&#8217;indirizzo contact@camping-du-verdon.com. In caso di controversia, puoi presentare un reclamo alla CNIL.   <\/p>\n\n\n\n<p><strong>Limitazione di responsabilit\u00e0 ed esclusioni di garanzia<\/strong><\/p>\n\n\n\n<p>Responsabilit\u00e0 della Societ\u00e0: la Societ\u00e0 si impegna a garantire l&#8217;accuratezza delle informazioni trasmesse sul Sito e a mantenere il Sito regolarmente aggiornato. Tuttavia, \u00e8 possibile che si riscontrino informazioni errate o omissioni. La Societ\u00e0 si adopera per garantire che le informazioni pubblicate sul Sito siano accurate, ma non pu\u00f2 garantire che siano prive di errori. In caso di inesattezze, l&#8217;utente \u00e8 invitato a segnalarle.<br>La Societ\u00e0 declina ogni responsabilit\u00e0 per eventuali difficolt\u00e0 di accesso al Sito o per eventuali difetti di comunicazione e si riserva il diritto di modificare il Sito e di sospenderne le funzioni in qualsiasi momento e senza preavviso.   <br><strong>La Societ\u00e0 non pu\u00f2 garantire un accesso ininterrotto al Sito<\/strong>: il servizio pu\u00f2 essere interrotto a causa di problemi di manutenzione, problemi informatici, interruzione del servizio Internet o altre circostanze impreviste. Allo stesso modo, la Societ\u00e0 non \u00e8 responsabile di ritardi, difficolt\u00e0 di utilizzo o incompatibilit\u00e0 tra il sito e i file o i browser. <\/p>\n\n\n\n<p><strong>Foto e progetti non contrattuali<\/strong><\/p>\n\n\n\n<p><strong>Cookie<\/strong>: quando visiti il nostro Sito, ti verr\u00e0 assegnato un &#8220;cookie&#8221;, un piccolo file di testo permanente, che verr\u00e0 memorizzato sul disco rigido del tuo computer. Il cookie consente di identificarti quando visiti il nostro Sito, in modo da poter migliorare la tua navigazione sul Sito e personalizzare la tua esperienza online: riconoscimento automatico, memorizzazione delle tue residenze preferite, ecc.<br>Raccogliamo inoltre informazioni tecniche sul tuo computer ogni volta che apri una pagina durante la tua visita al nostro Sito. Queste informazioni includono il tuo indirizzo IP (Internet Protocol), il sistema operativo utilizzato, il tipo di browser e l&#8217;indirizzo di qualsiasi sito web di riferimento. Raccogliamo queste informazioni per migliorare la qualit\u00e0 della tua esperienza durante la visita al nostro Sito e non vendiamo n\u00e9 cediamo queste informazioni a terzi. La maggior parte dei browser accetta automaticamente questi cookie, ma puoi cancellarli o attivare il rifiuto dei cookie. Poich\u00e9 ogni browser \u00e8 diverso dall&#8217;altro, ti consigliamo di consultare il menu &#8220;Aiuto&#8221; del tuo browser per scoprire come modificare le preferenze relative ai cookie. Il comportamento del sito rimane invariato e tutte le funzioni sono accessibili.      <\/p>\n\n\n\n<p><strong>Creazione di collegamenti ipertestuali ad altri siti<\/strong>: il Sito pu\u00f2 contenere collegamenti ad altri siti. Al fine di facilitare l&#8217;accesso ad altri siti che possono fornire informazioni aggiuntive, la Societ\u00e0 ha inserito un certo numero di link nel Sito. Tuttavia, la Societ\u00e0 non pu\u00f2 essere ritenuta responsabile per i siti di terzi a cui gli utenti di Internet possono accedere tramite il Sito. Poich\u00e9 la Societ\u00e0 non ha la possibilit\u00e0 di controllare il contenuto di tali siti, non pu\u00f2 essere ritenuta responsabile della loro indisponibilit\u00e0, del loro contenuto, della pubblicit\u00e0 o di altri elementi. Al contrario, i siti esterni possono contenere collegamenti ipertestuali che puntano al Sito. La creazione di un link ipertestuale al Sito \u00e8 autorizzata, a condizione che non danneggi l&#8217;immagine della Societ\u00e0 o suggerisca una partnership inesistente. La Societ\u00e0 si riserva il diritto di richiedere la rimozione di un link in qualsiasi momento.      <\/p>\n\n\n\n<p><strong>Legge applicabile<\/strong>: I presenti termini e condizioni sono disciplinati dalla legge francese. I tribunali francesi avranno giurisdizione esclusiva su qualsiasi controversia relativa direttamente o indirettamente all&#8217;accesso o all&#8217;uso di questo Sito. <\/p>\n\n\n\n<p><strong>Contatti<\/strong>: se hai dei commenti sul funzionamento del Sito, puoi contattarci tramite <strong><a href=\"mailto:contact@verdon-les-grands-domaines.com\">e-mail<\/a><\/strong> al seguente indirizzo <a href=\"mailto:contact@verdon-les-grands-domaines.com\">contact@verdon-les-grands-domaines.com<\/a><\/p>\n","protected":false},"excerpt":{"rendered":"<p>Le presenti Condizioni Generali d&#8217;Uso stabiliscono le regole per l&#8217;accesso a questo Sito e le sue condizioni d&#8217;uso, che tutti gli utenti riconoscono di accettare, senza riserve, per il solo fatto di collegarsi al Sito. In conformit\u00e0 con le disposizioni dell&#8217;articolo 6 III-1 della legge n. 2004-575 del 21 giugno 2004 sulla fiducia nell&#8217;economia digitale, [&hellip;]<\/p>\n","protected":false},"author":1,"featured_media":0,"parent":0,"menu_order":0,"comment_status":"closed","ping_status":"closed","template":"","meta":{"_acf_changed":false,"footnotes":""},"class_list":["post-1673","page","type-page","status-publish","hentry"],"acf":[],"_links":{"self":[{"href":"https:\/\/verdon-les-grands-domaines.com\/it\/wp-json\/wp\/v2\/pages\/1673","targetHints":{"allow":["GET"]}}],"collection":[{"href":"https:\/\/verdon-les-grands-domaines.com\/it\/wp-json\/wp\/v2\/pages"}],"about":[{"href":"https:\/\/verdon-les-grands-domaines.com\/it\/wp-json\/wp\/v2\/types\/page"}],"author":[{"embeddable":true,"href":"https:\/\/verdon-les-grands-domaines.com\/it\/wp-json\/wp\/v2\/users\/1"}],"replies":[{"embeddable":true,"href":"https:\/\/verdon-les-grands-domaines.com\/it\/wp-json\/wp\/v2\/comments?post=1673"}],"version-history":[{"count":4,"href":"https:\/\/verdon-les-grands-domaines.com\/it\/wp-json\/wp\/v2\/pages\/1673\/revisions"}],"predecessor-version":[{"id":5183,"href":"https:\/\/verdon-les-grands-domaines.com\/it\/wp-json\/wp\/v2\/pages\/1673\/revisions\/5183"}],"wp:attachment":[{"href":"https:\/\/verdon-les-grands-domaines.com\/it\/wp-json\/wp\/v2\/media?parent=1673"}],"curies":[{"name":"wp","href":"https:\/\/api.w.org\/{rel}","templated":true}]}}