{"id":1612,"date":"2024-12-30T15:27:55","date_gmt":"2024-12-30T14:27:55","guid":{"rendered":"https:\/\/verdon-les-grands-domaines.com\/rechtliche-hinweise\/"},"modified":"2025-12-03T09:29:20","modified_gmt":"2025-12-03T08:29:20","slug":"impressum","status":"publish","type":"page","link":"https:\/\/verdon-les-grands-domaines.com\/de\/impressum\/","title":{"rendered":"Impressum"},"content":{"rendered":"\n<p>Die vorliegenden Allgemeinen Nutzungsbedingungen legen die Regeln f\u00fcr den Zugriff auf diese Website und ihre Nutzungsbedingungen fest, die jeder Nutzer allein durch seine Verbindung mit der Website vorbehaltlos akzeptiert. Gem\u00e4\u00df den Bestimmungen von Artikel 6 III-1 des Gesetzes Nr. 2004-575 vom 21. Juni 2004 \u00fcber das Vertrauen in die digitale Wirtschaft informieren wir Sie, dass die Website   <a href=\"http:\/\/www.camping-du-verdon.com\/\" rel=\"nofollow noopener\" target=\"_blank\"><\/a><a href=\"http:\/\/www.verdon-les-grands-domaines.com\/\">www.verdon-les-grands-domaines.com<\/a> (nachfolgend die &#8222;Website&#8220;) wird von SAS Domaine des Cypr\u00e8s &#8211; nachfolgend &#8222;die Gesellschaft&#8220; &#8211; herausgegeben.  <\/p>\n\n\n\n<p><strong>Identifizierung der Gesellschaft<\/strong>, die den Campingplatz Verdon les Grands Domaines betreibt<br>Gesellschaft: SAS DOMAINE DES CYPRES &#8211; SIRET-Nr.: 85 114 323 000 023<br>Innergemeinschaftliche MwSt.-Nr.: <em>FR 53 851143230<br><\/em><strong>Herausgeber<\/strong>: St\u00e9phane Santerre<\/p>\n\n\n\n<p><strong>Hosting <\/strong>: Der Anbieter, der die direkte und permanente Speicherung sicherstellt, ist die Firma OVH, eingetragen im Handelsregister von Lille unter der Nummer 537 407 926 mit Sitz in 2, rue Kellermann, 59100 Roubaix.<\/p>\n\n\n\n<p><strong>Fotografien<\/strong>: Alle Bilder auf dieser Website unterliegen dem Urheberrecht.<\/p>\n\n\n\n<p><strong>Namentliche Informationen<\/strong>: Jede Person hat das Recht auf Zugang, \u00c4nderung, Berichtigung und L\u00f6schung der sie betreffenden Daten.<br>(Artikel 34 des Gesetzes &#8222;Informatique et Libert\u00e9&#8220; vom 6. Januar 1978). Um dieses Recht auszu\u00fcben, wenden Sie sich bitte an Camping Verdon Les Grands Domaines 04500 Saint-Laurent-du-Verdon oder per E-Mail an <a href=\"mailto:contact@verdon-les-grands-domaines.com\">contact@verdon-les-grands-domaines.com<\/a>.<\/p>\n\n\n\n<p><strong>Geistiges Eigentum<\/strong>: Diese Website unterliegt der franz\u00f6sischen und internationalen Gesetzgebung \u00fcber das Urheberrecht und das geistige Eigentum. Die Vervielf\u00e4ltigung der gesamten Website oder von Teilen davon auf elektronischem oder gedrucktem Datentr\u00e4ger (einschlie\u00dflich herunterladbarer Dokumente) ist ohne ausdr\u00fcckliche Genehmigung des Herausgebers strengstens untersagt. Jede nicht genehmigte Nutzung der Website oder ihres Inhalts f\u00fchrt zu einer Haftung des Internetnutzers und stellt eine F\u00e4lschung dar.  <\/p>\n\n\n\n<p><strong>Schutz pers\u00f6nlicher Daten <\/strong>: Die auf dieser Website gesammelten pers\u00f6nlichen Daten werden in \u00dcbereinstimmung mit der Allgemeinen Datenschutzverordnung (DSGVO) und dem Gesetz \u00fcber Informatik und Freiheiten vom 6. Januar 1978 in seiner ge\u00e4nderten Fassung verarbeitet. Sie haben das Recht auf Zugang, Berichtigung, L\u00f6schung und \u00dcbertragbarkeit Ihrer Daten. F\u00fcr jede Anfrage k\u00f6nnen Sie uns unter contact@camping-du-verdon.com kontaktieren. Im Falle einer Streitigkeit haben Sie die M\u00f6glichkeit, eine Beschwerde bei der CNIL einzureichen.   <\/p>\n\n\n\n<p><strong>Haftungsbeschr\u00e4nkung und Gew\u00e4hrleistungsausschluss<\/strong><\/p>\n\n\n\n<p>Haftung der Gesellschaft: Die Gesellschaft bem\u00fcht sich, die Richtigkeit der auf der Website \u00fcbermittelten Informationen sicherzustellen und die Website regelm\u00e4\u00dfig zu aktualisieren. Dennoch kann es zu Fehlinformationen oder Auslassungen kommen. Die Gesellschaft bem\u00fcht sich, die Richtigkeit der auf der Website ver\u00f6ffentlichten Informationen zu gew\u00e4hrleisten, kann aber nicht garantieren, dass keine Fehler auftreten. Im Falle einer Ungenauigkeit wird der Nutzer gebeten, dies zu melden.<br>Das Unternehmen \u00fcbernimmt keine Verantwortung f\u00fcr Schwierigkeiten beim Zugriff auf die Website oder f\u00fcr Kommunikationsausf\u00e4lle und beh\u00e4lt sich das Recht vor, die Website zu \u00e4ndern und Funktionen der Website jederzeit und ohne Vorank\u00fcndigung auszusetzen.   <br><strong>Das Unternehmen kann keinen kontinuierlichen Zugang zur Website garantieren<\/strong>: Es kann vorkommen, dass der Service aufgrund von Wartungsarbeiten, Computerproblemen, St\u00f6rungen des Internetdienstes oder anderen unvorhergesehenen Umst\u00e4nden unterbrochen wird. Das Unternehmen haftet auch nicht f\u00fcr Verz\u00f6gerungen, Schwierigkeiten bei der Nutzung oder f\u00fcr die Unvereinbarkeit dieser Website mit Dateien oder Browsern. <\/p>\n\n\n\n<p><strong>Fotos und Pl\u00e4ne sind nicht vertraglich bindend<\/strong><\/p>\n\n\n\n<p><strong>Cookies<\/strong>: Wenn Sie unsere Website besuchen, wird Ihnen ein &#8222;Cookie&#8220; zugewiesen, eine kleine, permanente Textdatei, die auf der Festplatte Ihres Computers gespeichert wird. Der Cookie erm\u00f6glicht es uns, Sie beim Besuch unserer Website zu identifizieren, damit wir Ihre Navigation auf der Website verbessern und Ihre Online-Erfahrung personalisieren k\u00f6nnen: automatische Erkennung, Speicherung Ihrer Lieblingsresidenzen&#8230;<br>Wir sammeln auch technische Informationen \u00fcber Ihren Computer, wenn Sie w\u00e4hrend Ihres Besuchs auf unserer Website eine Seite \u00f6ffnen. Diese Informationen umfassen Ihre IP-Adresse (Internet Protocol), das verwendete Betriebssystem, den Browsertyp und die Adresse der Website, von der Sie kommen, falls zutreffend. Wir sammeln diese Informationen, um die Qualit\u00e4t Ihrer Erfahrung w\u00e4hrend Ihres Besuchs auf unserer Website zu verbessern, und wir verkaufen oder \u00fcberlassen diese Informationen nicht an Dritte. Die meisten Browser akzeptieren diese Cookies automatisch, aber Sie k\u00f6nnen sie l\u00f6schen oder die Ablehnung von Cookies aktivieren. Da jeder Browser anders ist, sollten Sie im Hilfe-Men\u00fc Ihres Browsers nachsehen, wie Sie die Cookie-Einstellungen \u00e4ndern k\u00f6nnen. Das Verhalten der Website bleibt unver\u00e4ndert und alle Funktionen sind zug\u00e4nglich.      <\/p>\n\n\n\n<p><strong>Erstellung von Hyperlinks zu anderen Websites<\/strong>: Die Website kann Links zu anderen Websites enthalten. Um den Zugang zu anderen Websites zu erleichtern, die zus\u00e4tzliche Informationen bieten k\u00f6nnen, hat die Gesellschaft auf der Website eine Reihe von Links eingef\u00fcgt. Die Gesellschaft haftet jedoch nicht f\u00fcr eine Website Dritter, auf die der Internetnutzer \u00fcber die Website zugreift. Da die Gesellschaft keine M\u00f6glichkeit hat, den Inhalt dieser Websites zu kontrollieren, kann sie nicht f\u00fcr deren Nichtverf\u00fcgbarkeit, Inhalt, Werbung oder andere Elemente verantwortlich gemacht werden. Umgekehrt k\u00f6nnen externe Websites Hyperlinks zu dieser Website enthalten. Die Einrichtung eines Hypertext-Links zur Website ist zul\u00e4ssig, sofern sie dem Image des Unternehmens nicht schadet und keine nicht bestehende Partnerschaft suggeriert. Die Gesellschaft beh\u00e4lt sich das Recht vor, jederzeit die Entfernung eines Links zu verlangen.      <\/p>\n\n\n\n<p><strong>Anwendbares Recht<\/strong>: Die vorliegenden Bedingungen unterliegen dem franz\u00f6sischen Recht. Die franz\u00f6sischen Gerichte sind ausschlie\u00dflich zust\u00e4ndig f\u00fcr alle Streitigkeiten, die direkt oder indirekt mit dem Zugang zu dieser Website oder ihrer Nutzung zusammenh\u00e4ngen. <\/p>\n\n\n\n<p><strong>Kontakt<\/strong>: Wenn Sie Anmerkungen zum Betrieb der Website haben, k\u00f6nnen Sie sich per E-Mail an uns wenden. <strong><a href=\"mailto:contact@verdon-les-grands-domaines.com\">E-Mail an uns wenden.<\/a><\/strong> unter der folgenden Adresse <a href=\"mailto:contact@verdon-les-grands-domaines.com\">contact@verdon-les-grands-domaines.com<\/a><\/p>\n","protected":false},"excerpt":{"rendered":"<p>Die vorliegenden Allgemeinen Nutzungsbedingungen legen die Regeln f\u00fcr den Zugriff auf diese Website und ihre Nutzungsbedingungen fest, die jeder Nutzer allein durch seine Verbindung mit der Website vorbehaltlos akzeptiert. Gem\u00e4\u00df den Bestimmungen von Artikel 6 III-1 des Gesetzes Nr. 2004-575 vom 21. Juni 2004 \u00fcber das Vertrauen in die digitale Wirtschaft informieren wir Sie, dass [&hellip;]<\/p>\n","protected":false},"author":1,"featured_media":0,"parent":0,"menu_order":0,"comment_status":"closed","ping_status":"closed","template":"","meta":{"_acf_changed":false,"footnotes":""},"class_list":["post-1612","page","type-page","status-publish","hentry"],"acf":[],"_links":{"self":[{"href":"https:\/\/verdon-les-grands-domaines.com\/de\/wp-json\/wp\/v2\/pages\/1612","targetHints":{"allow":["GET"]}}],"collection":[{"href":"https:\/\/verdon-les-grands-domaines.com\/de\/wp-json\/wp\/v2\/pages"}],"about":[{"href":"https:\/\/verdon-les-grands-domaines.com\/de\/wp-json\/wp\/v2\/types\/page"}],"author":[{"embeddable":true,"href":"https:\/\/verdon-les-grands-domaines.com\/de\/wp-json\/wp\/v2\/users\/1"}],"replies":[{"embeddable":true,"href":"https:\/\/verdon-les-grands-domaines.com\/de\/wp-json\/wp\/v2\/comments?post=1612"}],"version-history":[{"count":5,"href":"https:\/\/verdon-les-grands-domaines.com\/de\/wp-json\/wp\/v2\/pages\/1612\/revisions"}],"predecessor-version":[{"id":5182,"href":"https:\/\/verdon-les-grands-domaines.com\/de\/wp-json\/wp\/v2\/pages\/1612\/revisions\/5182"}],"wp:attachment":[{"href":"https:\/\/verdon-les-grands-domaines.com\/de\/wp-json\/wp\/v2\/media?parent=1612"}],"curies":[{"name":"wp","href":"https:\/\/api.w.org\/{rel}","templated":true}]}}